{"id":2,"date":"2011-01-21T17:10:25","date_gmt":"2011-01-21T17:10:25","guid":{"rendered":"http:\/\/www.sccarlet.com\/blog\/?page_id=2"},"modified":"2020-08-06T13:56:36","modified_gmt":"2020-08-06T13:56:36","slug":"acerca-de","status":"publish","type":"page","link":"https:\/\/www.sccarlet.com\/blog\/?page_id=2","title":{"rendered":"01. Presentaci\u00f3"},"content":{"rendered":"<p>La Comunitat de Regants S\u00e9quia Comuna de Carlet te una superf\u00edcie regable aproximada de 900 ha (10.800 fanecades) en els termes municipals de Carlet i l&#8217;Alc\u00fadia, i es regada amb aigua del Canal X\u00faquer-T\u00faria.<\/p>\n<p>SEIASA, S.A. i la Comunitat, el 7 de octubre de 2003 firmaren el conveni del \u201cPROYECTO DE LAS OBRAS MODERNIZACI\u00d3N Y CONSOLIDACI\u00d3N DE REGAD\u00cdOS DE LA ACEQUIA COM\u00daN DE CARLET (VALENCIA)\u201d per el que es va instal\u00b7lar un sistema de reg localitzat de alta freq\u00fcencia o reg a goteig. En data febrer de 2018 va finalitzar la instal\u00b7laci\u00f3 del reg en tota la zona.<\/p>\n<p>President actual: Eduardo Carbonell Valero<\/p>\n","protected":false},"excerpt":{"rendered":"<p>La Comunitat de Regants S\u00e9quia Comuna de Carlet te una superf\u00edcie regable aproximada de 900 ha (10.800 fanecades) en els termes municipals de Carlet i l&#8217;Alc\u00fadia, i es regada amb aigua del Canal X\u00faquer-T\u00faria. SEIASA, S.A. i la Comunitat, el &hellip; <a href=\"https:\/\/www.sccarlet.com\/blog\/?page_id=2\">Sigue leyendo <span class=\"meta-nav\">&rarr;<\/span><\/a><\/p>\n","protected":false},"author":1,"featured_media":0,"parent":0,"menu_order":0,"comment_status":"closed","ping_status":"closed","template":"","meta":[],"_links":{"self":[{"href":"https:\/\/www.sccarlet.com\/blog\/index.php?rest_route=\/wp\/v2\/pages\/2"}],"collection":[{"href":"https:\/\/www.sccarlet.com\/blog\/index.php?rest_route=\/wp\/v2\/pages"}],"about":[{"href":"https:\/\/www.sccarlet.com\/blog\/index.php?rest_route=\/wp\/v2\/types\/page"}],"author":[{"embeddable":true,"href":"https:\/\/www.sccarlet.com\/blog\/index.php?rest_route=\/wp\/v2\/users\/1"}],"replies":[{"embeddable":true,"href":"https:\/\/www.sccarlet.com\/blog\/index.php?rest_route=%2Fwp%2Fv2%2Fcomments&post=2"}],"version-history":[{"count":5,"href":"https:\/\/www.sccarlet.com\/blog\/index.php?rest_route=\/wp\/v2\/pages\/2\/revisions"}],"predecessor-version":[{"id":381,"href":"https:\/\/www.sccarlet.com\/blog\/index.php?rest_route=\/wp\/v2\/pages\/2\/revisions\/381"}],"wp:attachment":[{"href":"https:\/\/www.sccarlet.com\/blog\/index.php?rest_route=%2Fwp%2Fv2%2Fmedia&parent=2"}],"curies":[{"name":"wp","href":"https:\/\/api.w.org\/{rel}","templated":true}]}}